{"id":422,"date":"2021-10-04T10:08:31","date_gmt":"2021-10-04T15:08:31","guid":{"rendered":"http:\/\/167.114.41.192\/~adelinegermain\/?page_id=422"},"modified":"2021-10-04T10:09:41","modified_gmt":"2021-10-04T15:09:41","slug":"creation-recente-et-exposition-a-venir","status":"publish","type":"page","link":"https:\/\/adelinegermain.ca\/?page_id=422","title":{"rendered":"Cr\u00e9ation r\u00e9cente et exposition \u00e0 venir"},"content":{"rendered":"<p><a href=\"http:\/\/adelinegermain.ca\/wp\/wp-content\/uploads\/2021\/10\/8C86E85A-3E38-4D20-B505-3F2B109D3122.jpeg\"><img loading=\"lazy\" decoding=\"async\" src=\"http:\/\/adelinegermain.ca\/wp\/wp-content\/uploads\/2021\/10\/8C86E85A-3E38-4D20-B505-3F2B109D3122-300x300.jpeg\" alt=\"8C86E85A-3E38-4D20-B505-3F2B109D3122\" width=\"300\" height=\"300\" class=\"alignnone size-medium wp-image-405\" srcset=\"https:\/\/adelinegermain.ca\/wp\/wp-content\/uploads\/2021\/10\/8C86E85A-3E38-4D20-B505-3F2B109D3122-300x300.jpeg 300w, https:\/\/adelinegermain.ca\/wp\/wp-content\/uploads\/2021\/10\/8C86E85A-3E38-4D20-B505-3F2B109D3122-150x150.jpeg 150w, https:\/\/adelinegermain.ca\/wp\/wp-content\/uploads\/2021\/10\/8C86E85A-3E38-4D20-B505-3F2B109D3122-1024x1024.jpeg 1024w, https:\/\/adelinegermain.ca\/wp\/wp-content\/uploads\/2021\/10\/8C86E85A-3E38-4D20-B505-3F2B109D3122.jpeg 2048w\" sizes=\"auto, (max-width: 300px) 100vw, 300px\" \/><\/a><\/p>\n","protected":false},"excerpt":{"rendered":"","protected":false},"author":3,"featured_media":0,"parent":0,"menu_order":0,"comment_status":"open","ping_status":"open","template":"","meta":{"ngg_post_thumbnail":0,"footnotes":""},"class_list":["post-422","page","type-page","status-publish","hentry"],"jetpack_sharing_enabled":true,"_links":{"self":[{"href":"https:\/\/adelinegermain.ca\/index.php?rest_route=\/wp\/v2\/pages\/422","targetHints":{"allow":["GET"]}}],"collection":[{"href":"https:\/\/adelinegermain.ca\/index.php?rest_route=\/wp\/v2\/pages"}],"about":[{"href":"https:\/\/adelinegermain.ca\/index.php?rest_route=\/wp\/v2\/types\/page"}],"author":[{"embeddable":true,"href":"https:\/\/adelinegermain.ca\/index.php?rest_route=\/wp\/v2\/users\/3"}],"replies":[{"embeddable":true,"href":"https:\/\/adelinegermain.ca\/index.php?rest_route=%2Fwp%2Fv2%2Fcomments&post=422"}],"version-history":[{"count":3,"href":"https:\/\/adelinegermain.ca\/index.php?rest_route=\/wp\/v2\/pages\/422\/revisions"}],"predecessor-version":[{"id":424,"href":"https:\/\/adelinegermain.ca\/index.php?rest_route=\/wp\/v2\/pages\/422\/revisions\/424"}],"wp:attachment":[{"href":"https:\/\/adelinegermain.ca\/index.php?rest_route=%2Fwp%2Fv2%2Fmedia&parent=422"}],"curies":[{"name":"wp","href":"https:\/\/api.w.org\/{rel}","templated":true}]}}