{"id":268,"date":"2013-12-01T21:09:40","date_gmt":"2013-12-02T02:09:40","guid":{"rendered":"http:\/\/167.114.41.192\/~adelinegermain\/?page_id=268"},"modified":"2014-03-14T11:42:28","modified_gmt":"2014-03-14T16:42:28","slug":"me-joindre","status":"publish","type":"page","link":"https:\/\/adelinegermain.ca\/?page_id=268","title":{"rendered":"Me joindre"},"content":{"rendered":"<p><a href=\"mailto:adelinegermain@hotmail.com\">adelinegermain@hotmail.com<\/a>\u00a0ou par t\u00e9l\u00e9phone : 418-473-1114<a href=\"http:\/\/adelinegermain.ca\/wp\/wp-content\/uploads\/2013\/02\/maman-cane-Cr\u00e9\u00e9-par-Ad\u00e91.jpg\"><img loading=\"lazy\" decoding=\"async\" class=\"alignnone size-medium wp-image-49\" alt=\"OLYMPUS DIGITAL CAMERA\" src=\"http:\/\/adelinegermain.ca\/wp\/wp-content\/uploads\/2013\/02\/maman-cane-Cr\u00e9\u00e9-par-Ad\u00e91-300x97.jpg\" width=\"300\" height=\"97\" srcset=\"https:\/\/adelinegermain.ca\/wp\/wp-content\/uploads\/2013\/02\/maman-cane-Cr\u00e9\u00e9-par-Ad\u00e91-300x97.jpg 300w, https:\/\/adelinegermain.ca\/wp\/wp-content\/uploads\/2013\/02\/maman-cane-Cr\u00e9\u00e9-par-Ad\u00e91-1024x332.jpg 1024w, https:\/\/adelinegermain.ca\/wp\/wp-content\/uploads\/2013\/02\/maman-cane-Cr\u00e9\u00e9-par-Ad\u00e91-500x162.jpg 500w\" sizes=\"auto, (max-width: 300px) 100vw, 300px\" \/><\/a><\/p>\n","protected":false},"excerpt":{"rendered":"<p>adelinegermain@hotmail.com\u00a0ou par t\u00e9l\u00e9phone : 418-473-1114<\/p>\n","protected":false},"author":3,"featured_media":0,"parent":0,"menu_order":0,"comment_status":"open","ping_status":"closed","template":"","meta":{"ngg_post_thumbnail":0,"footnotes":""},"class_list":["post-268","page","type-page","status-publish","hentry"],"jetpack_sharing_enabled":true,"_links":{"self":[{"href":"https:\/\/adelinegermain.ca\/index.php?rest_route=\/wp\/v2\/pages\/268","targetHints":{"allow":["GET"]}}],"collection":[{"href":"https:\/\/adelinegermain.ca\/index.php?rest_route=\/wp\/v2\/pages"}],"about":[{"href":"https:\/\/adelinegermain.ca\/index.php?rest_route=\/wp\/v2\/types\/page"}],"author":[{"embeddable":true,"href":"https:\/\/adelinegermain.ca\/index.php?rest_route=\/wp\/v2\/users\/3"}],"replies":[{"embeddable":true,"href":"https:\/\/adelinegermain.ca\/index.php?rest_route=%2Fwp%2Fv2%2Fcomments&post=268"}],"version-history":[{"count":8,"href":"https:\/\/adelinegermain.ca\/index.php?rest_route=\/wp\/v2\/pages\/268\/revisions"}],"predecessor-version":[{"id":287,"href":"https:\/\/adelinegermain.ca\/index.php?rest_route=\/wp\/v2\/pages\/268\/revisions\/287"}],"wp:attachment":[{"href":"https:\/\/adelinegermain.ca\/index.php?rest_route=%2Fwp%2Fv2%2Fmedia&parent=268"}],"curies":[{"name":"wp","href":"https:\/\/api.w.org\/{rel}","templated":true}]}}